{"id":256,"date":"2016-11-24T09:17:50","date_gmt":"2016-11-24T09:17:50","guid":{"rendered":"http:\/\/www.euro-controlli.it\/?page_id=256"},"modified":"2016-11-24T09:17:50","modified_gmt":"2016-11-24T09:17:50","slug":"shelf-life-e-rintracciabilita","status":"publish","type":"page","link":"https:\/\/www.eurocontrollisrl.it\/?page_id=256","title":{"rendered":"Shelf-life e Rintracciabilit\u00e0"},"content":{"rendered":"<p style=\"text-align: justify;\"><img loading=\"lazy\" class=\"alignnone size-full wp-image-405\" src=\"https:\/\/www.eurocontrollisrl.it\/wp-content\/uploads\/2016\/11\/Slim_18-e1480072909380.jpg\" alt=\"slim_18\" width=\"1920\" height=\"300\" srcset=\"https:\/\/www.eurocontrollisrl.it\/wp-content\/uploads\/2016\/11\/Slim_18-e1480072909380.jpg 1920w, https:\/\/www.eurocontrollisrl.it\/wp-content\/uploads\/2016\/11\/Slim_18-e1480072909380-300x47.jpg 300w, https:\/\/www.eurocontrollisrl.it\/wp-content\/uploads\/2016\/11\/Slim_18-e1480072909380-1024x160.jpg 1024w, https:\/\/www.eurocontrollisrl.it\/wp-content\/uploads\/2016\/11\/Slim_18-e1480072909380-768x120.jpg 768w, https:\/\/www.eurocontrollisrl.it\/wp-content\/uploads\/2016\/11\/Slim_18-e1480072909380-1536x240.jpg 1536w, https:\/\/www.eurocontrollisrl.it\/wp-content\/uploads\/2016\/11\/Slim_18-e1480072909380-1568x245.jpg 1568w\" sizes=\"(max-width: 1920px) 100vw, 1920px\" \/><\/p>\n<p style=\"text-align: justify;\">Nella gestione di una buona produzione e di un buon prodotto, si d\u00e0 sempre pi\u00f9 importanza alla filiera e alla rintracciabilit\u00e0 dei prodotti che la compongono, oltre a definire in maniera inequivocabile l\u2019emivita di ogni prodotto.<br \/>\n<strong><em>Eurocontrolli<\/em> <\/strong>offre alle aziende la consulenza per ottimizzare sia la tracciabilit\u00e0 che la rintracciabilit\u00e0 della propria filiera, anche tramite la redazione di appositi registri.<br \/>\nGrazie al suo moderno laboratorio di analisi, <strong><em>Eurocontrolli<\/em> <\/strong>riesce inoltre a definire, tramite analisi del prodotto finito, il corretto \u201ctempo di vita\u201d dello stesso.<br \/>\nPer tutti coloro che intendono aumentare l\u2019emivita dei propri prodotti utilizzando tecniche specifiche quali atmosfere protettive, sottovuoto o nanotecnologie, <strong><em>Eurocontrolli<\/em> <\/strong>offre adeguata consulenza tecnica e specifici corsi di formazione.<\/p>\n","protected":false},"excerpt":{"rendered":"<p>Nella gestione di una buona produzione e di un buon prodotto, si d\u00e0 sempre pi\u00f9 importanza alla filiera e alla rintracciabilit\u00e0 dei prodotti che la compongono, oltre a definire in maniera inequivocabile l\u2019emivita di ogni prodotto. Eurocontrolli offre alle aziende<\/p>\n","protected":false},"author":2,"featured_media":0,"parent":42,"menu_order":0,"comment_status":"closed","ping_status":"closed","template":"","meta":[],"_links":{"self":[{"href":"https:\/\/www.eurocontrollisrl.it\/index.php?rest_route=\/wp\/v2\/pages\/256"}],"collection":[{"href":"https:\/\/www.eurocontrollisrl.it\/index.php?rest_route=\/wp\/v2\/pages"}],"about":[{"href":"https:\/\/www.eurocontrollisrl.it\/index.php?rest_route=\/wp\/v2\/types\/page"}],"author":[{"embeddable":true,"href":"https:\/\/www.eurocontrollisrl.it\/index.php?rest_route=\/wp\/v2\/users\/2"}],"replies":[{"embeddable":true,"href":"https:\/\/www.eurocontrollisrl.it\/index.php?rest_route=%2Fwp%2Fv2%2Fcomments&post=256"}],"version-history":[{"count":0,"href":"https:\/\/www.eurocontrollisrl.it\/index.php?rest_route=\/wp\/v2\/pages\/256\/revisions"}],"up":[{"embeddable":true,"href":"https:\/\/www.eurocontrollisrl.it\/index.php?rest_route=\/wp\/v2\/pages\/42"}],"wp:attachment":[{"href":"https:\/\/www.eurocontrollisrl.it\/index.php?rest_route=%2Fwp%2Fv2%2Fmedia&parent=256"}],"curies":[{"name":"wp","href":"https:\/\/api.w.org\/{rel}","templated":true}]}}