{"id":252,"date":"2016-11-24T09:08:23","date_gmt":"2016-11-24T09:08:23","guid":{"rendered":"http:\/\/www.euro-controlli.it\/?page_id=252"},"modified":"2016-11-24T09:08:23","modified_gmt":"2016-11-24T09:08:23","slug":"analisi-vino","status":"publish","type":"page","link":"https:\/\/www.eurocontrollisrl.it\/?page_id=252","title":{"rendered":"Analisi vino"},"content":{"rendered":"<p style=\"text-align: justify;\">\n<p style=\"text-align: justify;\"><img loading=\"lazy\" class=\"alignnone size-full wp-image-343\" src=\"https:\/\/www.eurocontrollisrl.it\/wp-content\/uploads\/2016\/11\/Slim_07-e1479986161105.jpg\" alt=\"slim_07\" width=\"1920\" height=\"300\" srcset=\"https:\/\/www.eurocontrollisrl.it\/wp-content\/uploads\/2016\/11\/Slim_07-e1479986161105.jpg 1920w, https:\/\/www.eurocontrollisrl.it\/wp-content\/uploads\/2016\/11\/Slim_07-e1479986161105-300x47.jpg 300w, https:\/\/www.eurocontrollisrl.it\/wp-content\/uploads\/2016\/11\/Slim_07-e1479986161105-1024x160.jpg 1024w, https:\/\/www.eurocontrollisrl.it\/wp-content\/uploads\/2016\/11\/Slim_07-e1479986161105-768x120.jpg 768w, https:\/\/www.eurocontrollisrl.it\/wp-content\/uploads\/2016\/11\/Slim_07-e1479986161105-1536x240.jpg 1536w, https:\/\/www.eurocontrollisrl.it\/wp-content\/uploads\/2016\/11\/Slim_07-e1479986161105-1568x245.jpg 1568w\" sizes=\"(max-width: 1920px) 100vw, 1920px\" \/><\/p>\n<p style=\"text-align: justify;\"><em><strong>Eurocontrolli<\/strong>,\u00a0<\/em>esercitando la sua attivit\u00e0 tra i comprensori pi\u00f9 importanti per la produzione vitivinicola, offre una serie di analisi mirate quali:<\/p>\n<ul>\n<li style=\"text-align: justify;\">acidit\u00e0 totale;<\/li>\n<li style=\"text-align: justify;\">acidit\u00e0 volatile;<\/li>\n<li style=\"text-align: justify;\">anidride solforosa libera + anidride solforosa totale;<\/li>\n<li style=\"text-align: justify;\">dosaggio bentonite;<\/li>\n<li style=\"text-align: justify;\">pH;<\/li>\n<li style=\"text-align: justify;\">polifenoli totali;<\/li>\n<li style=\"text-align: justify;\">stabilit\u00e0 proteica;<\/li>\n<li style=\"text-align: justify;\">stabilit\u00e0 tartarica;<\/li>\n<li style=\"text-align: justify;\">titolo alcolometrico;<\/li>\n<li style=\"text-align: justify;\">zuccheri riduttori (glucosio + fruttosio).<\/li>\n<\/ul>\n","protected":false},"excerpt":{"rendered":"<p>Eurocontrolli,\u00a0esercitando la sua attivit\u00e0 tra i comprensori pi\u00f9 importanti per la produzione vitivinicola, offre una serie di analisi mirate quali: acidit\u00e0 totale; acidit\u00e0 volatile; anidride solforosa libera + anidride solforosa totale; dosaggio bentonite; pH; polifenoli totali; stabilit\u00e0 proteica; stabilit\u00e0 tartarica;<\/p>\n","protected":false},"author":2,"featured_media":0,"parent":118,"menu_order":0,"comment_status":"closed","ping_status":"closed","template":"","meta":[],"_links":{"self":[{"href":"https:\/\/www.eurocontrollisrl.it\/index.php?rest_route=\/wp\/v2\/pages\/252"}],"collection":[{"href":"https:\/\/www.eurocontrollisrl.it\/index.php?rest_route=\/wp\/v2\/pages"}],"about":[{"href":"https:\/\/www.eurocontrollisrl.it\/index.php?rest_route=\/wp\/v2\/types\/page"}],"author":[{"embeddable":true,"href":"https:\/\/www.eurocontrollisrl.it\/index.php?rest_route=\/wp\/v2\/users\/2"}],"replies":[{"embeddable":true,"href":"https:\/\/www.eurocontrollisrl.it\/index.php?rest_route=%2Fwp%2Fv2%2Fcomments&post=252"}],"version-history":[{"count":0,"href":"https:\/\/www.eurocontrollisrl.it\/index.php?rest_route=\/wp\/v2\/pages\/252\/revisions"}],"up":[{"embeddable":true,"href":"https:\/\/www.eurocontrollisrl.it\/index.php?rest_route=\/wp\/v2\/pages\/118"}],"wp:attachment":[{"href":"https:\/\/www.eurocontrollisrl.it\/index.php?rest_route=%2Fwp%2Fv2%2Fmedia&parent=252"}],"curies":[{"name":"wp","href":"https:\/\/api.w.org\/{rel}","templated":true}]}}